{"id":14,"date":"2024-03-03T20:26:13","date_gmt":"2024-03-03T20:26:13","guid":{"rendered":"https:\/\/taloit.fi\/main\/?page_id=14"},"modified":"2024-03-10T18:37:49","modified_gmt":"2024-03-10T18:37:49","slug":"about-us","status":"publish","type":"page","link":"https:\/\/taloit.fi\/main\/?page_id=14","title":{"rendered":"About Us"},"content":{"rendered":"<div class=\"ttr_about-us_html_row0 row g-0\">\n<div class=\"post_column col-xxl-8 col-xl-8 col-lg-6 col-md-6 col-sm-6 col-xs-12 col-12\">\n<div class=\"ttr_about-us_html_column00\">\n<div class=\"margin_collapsetop\"><\/div>\n<div class=\"html_content\">\n<h3 style=\"text-align: Center; display: block;\"><span style=\"font-family: 'Comic Sans MS'; color: rgba(35,150,52,1);\">S\u00e4hk\u00f6mies tarpeen? Pyyd\u00e4 tarjous!<\/span><\/h3>\n<h3 style=\"text-align: Center; display: block;\"><\/h3>\n<p><span style=\"font-family: 'Comic Sans MS'; color: rgba(46,21,50,1);\">Kun r<\/span><span style=\"font-family: 'Comic Sans MS'; color: rgba(46,21,50,1);\">emontoit<\/span><span style=\"font-family: 'Comic Sans MS'; color: rgba(46,21,50,1);\">, <\/span><span style=\"font-family: 'Comic Sans MS'; color: rgba(46,21,50,1);\">rakennat uutta tai tarvitset luotettavaa s\u00e4hk\u00f6liikett\u00e4 toteuttamaan s\u00e4hk\u00f6asennukset Pohjois-Pohjanmaalla<\/span><span style=\"font-family: 'Comic Sans MS'; color: rgba(46,21,50,1);\">,<\/span><span style=\"font-family: 'Comic Sans MS'; color: rgba(46,21,50,1);\"> TaloIT on valmiina palvelemaan. <\/span><\/p>\n<p><span style=\"font-family: 'Comic Sans MS'; color: rgba(46,21,50,1);\">Hoidamme s\u00e4hk\u00f6huoltoty\u00f6t ja -asennukset taloyhti\u00f6ihin, toimitiloihin ja kotitalouksiin Oulun alousalueilla. <\/span><\/p>\n<p><span style=\"font-family: 'Comic Sans MS'; color: rgba(46,21,50,1);\">Hoidamme niin pienet kuin suuretkin tilausty\u00f6t nopeasti, laadukkaasti ja kustannustehokkaasti! <\/span><\/p>\n<p><a class=\"tt_link\" href=\"https:\/\/taloit.fi\/main\/contact\" target=\"_self\" rel=\"noopener\"><span style=\"font-family: 'Comic Sans MS'; color: rgba(46,21,50,1);\">Ota meihin yhteytt\u00e4 ja kysy tarjousta!<\/span><\/a><\/p>\n<\/div>\n<div class=\"margin_collapsetop\"><\/div>\n<div style=\"clear: both; width: 0px;\"><\/div>\n<\/div>\n<\/div>\n<div class=\" visible-xs-block d-block\" style=\"clear: both; width: 0px;\"><\/div>\n<div class=\"post_column col-xxl-4 col-xl-4 col-lg-6 col-md-6 col-sm-6 col-xs-12 col-12\">\n<div class=\"ttr_about-us_html_column01\">\n<div class=\"margin_collapsetop\"><\/div>\n<div class=\"html_content\">\n<p><span class=\"ttr_image\" style=\"float: none; display: block; overflow: hidden; text-align: center; margin: 0px 0px 0px 0px;\"><img decoding=\"async\" class=\"ttr_uniform\" style=\"max-height: 243px; max-width: 243px; margin: 0px 0px 0px 0px;\" src=\"https:\/\/taloit.fi\/main\/wp-content\/uploads\/2024\/03\/632large_default.jpg\" alt=\"sss\" \/><\/span><\/p>\n<\/div>\n<div class=\"margin_collapsetop\"><\/div>\n<div style=\"clear: both; width: 0px;\"><\/div>\n<\/div>\n<\/div>\n<div class=\" d-xxl-block d-xl-block visible-lg-block d-lg-block visible-sm-block d-sm-block visible-md-block d-md-block visible-xs-block d-block\" style=\"clear: both; width: 0px;\"><\/div>\n<div class=\"post_column col-xxl-7 col-xl-7 col-lg-6 col-md-6 col-sm-6 col-xs-12 col-12\">\n<div class=\"ttr_about-us_html_column02\">\n<div class=\"margin_collapsetop\"><\/div>\n<div class=\"html_content\">\n<\/div>\n<div class=\"margin_collapsetop\"><\/div>\n<div style=\"clear: both; width: 0px;\"><\/div>\n<\/div>\n<\/div>\n<div class=\" visible-xs-block d-block\" style=\"clear: both; width: 0px;\"><\/div>\n<div class=\"post_column col-xxl-5 col-xl-5 col-lg-6 col-md-6 col-sm-6 col-xs-12 col-12\">\n<div class=\"ttr_about-us_html_column03\">\n<div class=\"margin_collapsetop\"><\/div>\n<div class=\"html_content\">\n<h3 style=\"text-align: Center; display: block;\"><span style=\"font-family: 'Comic Sans MS'; color: rgba(35,150,52,1);\">Kartoitukset, s\u00e4hk\u00f6suunnittelu, urakointi ja asennus<\/span><\/h3>\n<p><span style=\"font-family: 'Comic Sans MS'; color: rgba(46,21,50,1);\">Toteutamme s\u00e4hk\u00f6urakointina latausvalmiudet ja asennukset pienist\u00e4 omakotitalokohteista taloyhti\u00f6ihin ja liikekiinteist\u00f6ihin. Osa yrityksille rakennettavista latausratkaisuista ei ole juuri suurempia kuin omakotitalokohteissakaan. <\/span><\/p>\n<p><span style=\"font-family: 'Comic Sans MS'; color: rgba(46,21,50,1);\">L<\/span><span style=\"font-family: 'Comic Sans MS'; color: rgba(46,21,50,1);\">atausasemien toimintaan ja kulutuksen seurantaan halutaan yleens\u00e4 erilaisia ratkaisu<\/span><span style=\"font-family: 'Comic Sans MS'; color: rgba(46,21,50,1);\">j<\/span><span style=\"font-family: 'Comic Sans MS'; color: rgba(46,21,50,1);\">a, kun kyseess\u00e4 on yritykselle tuleva asennus.<\/span><\/p>\n<p><span style=\"font-family: 'Comic Sans MS'; color: rgba(46,21,50,1);\">Ota yhteytt\u00e4, niin kerromme erilaisista ratkaisuista.<\/span><\/p>\n<\/div>\n<div class=\"margin_collapsetop\"><\/div>\n<div style=\"clear: both; width: 0px;\"><\/div>\n<\/div>\n<\/div>\n<div class=\" d-xxl-block d-xl-block visible-lg-block d-lg-block visible-sm-block d-sm-block visible-md-block d-md-block visible-xs-block d-block\" style=\"clear: both; width: 0px;\"><\/div>\n<\/div>\n<div class=\"ttr_about-us_html_row1 row g-0\">\n<div class=\"post_column col-xxl-6 col-xl-6 col-lg-6 col-md-6 col-sm-6 col-xs-12 col-12\">\n<div class=\"ttr_about-us_html_column10\">\n<div class=\"margin_collapsetop\"><\/div>\n<div class=\"html_content\">\n<p style=\"text-align: Center; display: block; line-height: 2.3em;\"><span style=\"font-family: 'Comic Sans MS'; font-size: 1.571em; color: rgba(35,150,52,1);\">S\u00e4hk\u00f6auton latausasemat ja asennus<\/span><\/p>\n<p style=\"text-align: Center; display: block; line-height: 2.3em;\"><span style=\"font-family: 'Comic Sans MS'; font-size: 1.571em; color: rgba(35,150,52,1);\">\u2013 suunnittelusta toteutukseen<\/span><\/p>\n<p style=\"text-align: Justify; display: block;\"><span style=\"font-family: 'Comic Sans MS'; color: rgba(46,21,50,1);\">Kaikki l\u00e4htee siit\u00e4, ett\u00e4 s\u00e4hk\u00f6j\u00e4rjestelm\u00e4 sopii s\u00e4hk\u00f6auton lataamiseen. Tavallisesti pienemmiss\u00e4 j\u00e4rjestelmiss\u00e4 kuten omakotitaloissa, s\u00e4hk\u00f6j\u00e4rjestelm\u00e4\u00e4n tarvittavat muutosty\u00f6t rakennetaan s\u00e4hk\u00f6auton latausaseman asennuksen yhteydess\u00e4. Esimerkiksi taloyhti\u00f6iss\u00e4, hotelli- tai liikekiinteist\u00f6iss\u00e4 s\u00e4hk\u00f6autojen lataamista varten rakennettavat s\u00e4hk\u00f6iset muutosty\u00f6t ovat usein niin suuria, ett\u00e4 toteutetaan erillisen\u00e4 s\u00e4hk\u00f6urakkana.<\/span><\/p>\n<p style=\"text-align: Justify; display: block;\"><span style=\"font-family: 'Comic Sans MS'; color: rgba(46,21,50,1);\">Lataus-j\u00e4rjestelm\u00e4n edistyksellinen kuormantasaustekniikka optimoi energiank\u00e4yt\u00f6n, est\u00e4\u00e4 verkon ylikuormitukset ja varmistaa, ett\u00e4 ty\u00f6paikkasi latausinfrastruktuuri toimii sujuvasti.<\/span><\/p>\n<\/div>\n<div class=\"margin_collapsetop\"><\/div>\n<div style=\"clear: both; width: 0px;\"><\/div>\n<\/div>\n<\/div>\n<div class=\" visible-xs-block d-block\" style=\"clear: both; width: 0px;\"><\/div>\n<div class=\"post_column col-xxl-5 col-xl-5 col-lg-6 col-md-6 col-sm-6 col-xs-12 col-12\">\n<div class=\"ttr_about-us_html_column11\">\n<div class=\"margin_collapsetop\"><\/div>\n<div class=\"html_content\">\n<p><span class=\"ttr_image\" style=\"float: none; display: block; overflow: hidden; text-align: center; margin: 0px 0px 0px 0px;\"><img decoding=\"async\" class=\"ttr_uniform\" style=\"max-height: 283px; max-width: 208px; margin: 0px 0px 0px 0px;\" src=\"https:\/\/taloit.fi\/main\/wp-content\/uploads\/2024\/03\/KEBA_3removebgpreview.png\" alt=\"KEBA\" \/><\/span><\/p>\n<\/div>\n<div class=\"margin_collapsetop\"><\/div>\n<div style=\"clear: both; width: 0px;\"><\/div>\n<\/div>\n<\/div>\n<div class=\" visible-lg-block d-lg-block visible-sm-block d-sm-block visible-md-block d-md-block visible-xs-block d-block\" style=\"clear: both; width: 0px;\"><\/div>\n<\/div>\n<div class=\"ttr_about-us_html_row2 row g-0\">\n<div class=\"post_column col-xxl-3 col-xl-3 col-lg-6 col-md-6 col-sm-6 col-xs-12 col-12\">\n<div class=\"ttr_about-us_html_column20\">\n<div class=\"margin_collapsetop\"><\/div>\n<div class=\"html_content\">\n<p><span class=\"ttr_image\" style=\"float: none; display: block; overflow: hidden; text-align: center; margin: 0px 0px 0px 0px;\"><img decoding=\"async\" style=\"max-height: 308px; max-width: 262px; margin: 50px 0px 0px 0px;\" src=\"https:\/\/taloit.fi\/main\/wp-content\/uploads\/2024\/03\/SolarKoti_mainos_pohjaremovebgpreview.png\" alt=\"a\" \/><\/span><\/p>\n<\/div>\n<div class=\"margin_collapsetop\"><\/div>\n<div style=\"clear: both; width: 0px;\"><\/div>\n<\/div>\n<\/div>\n<div class=\" visible-xs-block d-block\" style=\"clear: both; width: 0px;\"><\/div>\n<div class=\"post_column col-xxl-5 col-xl-5 col-lg-6 col-md-6 col-sm-6 col-xs-12 col-12\">\n<div class=\"ttr_about-us_html_column21\">\n<div class=\"margin_collapsetop\"><\/div>\n<div class=\"html_content\">\n<h3><\/h3>\n<h3><span style=\"font-family: 'Comic Sans MS'; color: rgba(35,150,52,1);\">Aurinkoj\u00e4rjestelm\u00e4\u00e4 kotiin \u00e4lykk\u00e4\u00e4sti.<\/span><\/h3>\n<p><span style=\"font-family: 'Comic Sans MS'; color: rgba(46,21,50,1);\">Aurinkopaneelit soveltuvat kaikenlaisiin kiinteist\u00f6ihin ja rakennuksiin kattotyypist\u00e4 riippumatta, sill\u00e4 jokaiselle kattotyypille on oma kiinnitysj\u00e4rjestelm\u00e4ns\u00e4. J\u00e4rjestelm\u00e4n koko m\u00e4\u00e4ritet\u00e4\u00e4n aina kiinteist\u00f6kohtaisen energiatarpeen mukaisesti. <\/span><\/p>\n<p><span style=\"font-family: 'Comic Sans MS'; color: rgba(46,21,50,1);\">Me korostamme, ett\u00e4 ennen aurinkopaneelien hankkimista on t\u00e4rke\u00e4\u00e4 huomioida kiinteist\u00f6n l\u00e4ht\u00f6tilanne ja tulevat tarpeet kuten aurinkos\u00e4hk\u00f6n hy\u00f6dynt\u00e4minen s\u00e4hk\u00f6auton latauksessa. <\/span><a class=\"tt_link\" href=\"https:\/\/solarkoti.fi\/solar\/\" target=\"_blank\" rel=\"noopener\"><span style=\"font-family: 'Comic Sans MS'; color: rgba(46,21,50,1);\">Lue lis\u00e4\u00e4 aurinkoj\u00e4rjestelmist\u00e4 t\u00e4\u00e4lt\u00e4.<\/span><\/a><\/p>\n<p><span style=\"font-family: 'Comic Sans MS'; color: rgba(46,21,50,1);\">A<\/span><span style=\"font-family: 'Comic Sans MS'; color: rgba(46,21,50,1);\">urinkoj\u00e4rjestelm\u00e4<\/span><span style=\"font-family: 'Comic Sans MS'; color: rgba(46,21,50,1);\">\u00e4n <\/span><span style=\"font-family: 'Comic Sans MS'; color: rgba(46,21,50,1);\">voidaan integroida \u00e4lyk\u00e4s s\u00e4hk\u00f6auton latausasema, joka s\u00e4\u00e4t\u00e4\u00e4 lataustehoa sen mukaan, kuinka paljon kodin katolla olevat aurinkopaneelit tuottavat.<\/span><\/p>\n<\/div>\n<div class=\"margin_collapsetop\"><\/div>\n<div style=\"clear: both; width: 0px;\"><\/div>\n<\/div>\n<\/div>\n<div class=\" visible-lg-block d-lg-block visible-sm-block d-sm-block visible-md-block d-md-block visible-xs-block d-block\" style=\"clear: both; width: 0px;\"><\/div>\n<div class=\"post_column col-xxl-4 col-xl-4 col-lg-6 col-md-6 col-sm-6 col-xs-12 col-12\">\n<div class=\"ttr_about-us_html_column22\">\n<div class=\"margin_collapsetop\"><\/div>\n<div class=\"html_content\">\n<p><img loading=\"lazy\" decoding=\"async\" class=\"alignnone size-medium wp-image-378\" src=\"https:\/\/taloit.fi\/main\/wp-content\/uploads\/2024\/03\/ContentImages841-2-225x300.png\" alt=\"\" width=\"225\" height=\"300\" srcset=\"https:\/\/taloit.fi\/main\/wp-content\/uploads\/2024\/03\/ContentImages841-2-225x300.png 225w, https:\/\/taloit.fi\/main\/wp-content\/uploads\/2024\/03\/ContentImages841-2.png 411w\" sizes=\"auto, (max-width: 225px) 100vw, 225px\" \/><\/p>\n<\/div>\n<div class=\"margin_collapsetop\"><\/div>\n<div style=\"clear: both; width: 0px;\"><\/div>\n<\/div>\n<\/div>\n<div class=\" d-xxl-block d-xl-block visible-xs-block d-block\" style=\"clear: both; width: 0px;\"><\/div>\n<\/div>\n<div class=\"ttr_about-us_html_row3 row g-0\">\n<div class=\"post_column col-xxl-1 col-xl-1 col-lg-6 col-md-6 col-sm-6 col-xs-12 col-12\">\n<div class=\"ttr_about-us_html_column30\">\n<div class=\"margin_collapsetop\"><\/div>\n<div class=\"html_content\"><\/div>\n<div class=\"margin_collapsetop\"><\/div>\n<div style=\"clear: both; width: 0px;\"><\/div>\n<\/div>\n<\/div>\n<div class=\" visible-xs-block d-block\" style=\"clear: both; width: 0px;\"><\/div>\n<div class=\"post_column col-xxl-4 col-xl-4 col-lg-6 col-md-6 col-sm-6 col-xs-12 col-12\">\n<div class=\"ttr_about-us_html_column31\">\n<div class=\"margin_collapsetop\"><\/div>\n<div class=\"html_content\"><img decoding=\"async\" class=\"ttr_uniform\" style=\"max-height: 238px; max-width: 353px; margin: 0px 0px 0px 0px;\" src=\"https:\/\/taloit.fi\/main\/wp-content\/uploads\/2024\/03\/2050548107.png\" \/><\/div>\n<div class=\"margin_collapsetop\"><\/div>\n<div style=\"clear: both; width: 0px;\"><\/div>\n<\/div>\n<\/div>\n<div class=\" visible-lg-block d-lg-block visible-sm-block d-sm-block visible-md-block d-md-block visible-xs-block d-block\" style=\"clear: both; width: 0px;\"><\/div>\n<div class=\"post_column col-xxl-5 col-xl-5 col-lg-6 col-md-6 col-sm-6 col-xs-12 col-12\">\n<div class=\"ttr_about-us_html_column32\">\n<div class=\"margin_collapsetop\"><\/div>\n<div class=\"html_content\">\n<h4 style=\"margin: 16px 0px 16px 0px; text-align: Center; display: block; line-height: 1.48em; color: rgba(246,196,71,1);\"><span style=\"font-family: 'Comic Sans MS';\">S\u00e4hk\u00f6asennukset kaikkiin kohteisiin<\/span><\/h4>\n<p style=\"margin: 5px 0px 5px 0px; line-height: 1.49em; color: rgba(51,51,51,1);\"><span style=\"font-family: 'Comic Sans MS';\">Kun s\u00e4hk\u00f6asennus on tarpeen, palvelemme ammattitaidolla Oulussa, Sy\u00f6tteell\u00e4 sek\u00e4 muualla Pohjois-Pohjanmaan alueella. Olipa kyseess\u00e4 sitten liiketilan, taloyhti\u00f6n, teollisuushallin tai omakotitalon s\u00e4hk\u00f6asennus, me tarjoamme palvelua avaimet k\u00e4teen -periaatteella juuri haluamassasi laajuudessa.<\/span><span style=\"font-family: 'Comic Sans MS';\"> My\u00f6s Muonioin alueella tarpeen mukaan.<\/span><\/p>\n<\/div>\n<div class=\"margin_collapsetop\"><\/div>\n<div style=\"clear: both; width: 0px;\"><\/div>\n<\/div>\n<\/div>\n<div class=\" visible-xs-block d-block\" style=\"clear: both; width: 0px;\"><\/div>\n<\/div>\n<div class=\"ttr_about-us_html_row4 row g-0\">\n<div class=\"post_column col-xxl-2 col-xl-2 col-lg-6 col-md-6 col-sm-6 col-xs-12 col-12\">\n<div class=\"ttr_about-us_html_column40\">\n<div class=\"margin_collapsetop\"><\/div>\n<div class=\"html_content\">\n<p><img loading=\"lazy\" decoding=\"async\" class=\"alignnone size-medium wp-image-414\" src=\"https:\/\/taloit.fi\/main\/wp-content\/uploads\/2024\/03\/parveke-1-235x300.png\" alt=\"\" width=\"235\" height=\"300\" srcset=\"https:\/\/taloit.fi\/main\/wp-content\/uploads\/2024\/03\/parveke-1-235x300.png 235w, https:\/\/taloit.fi\/main\/wp-content\/uploads\/2024\/03\/parveke-1.png 447w\" sizes=\"auto, (max-width: 235px) 100vw, 235px\" \/><\/p>\n<\/div>\n<div class=\"margin_collapsetop\"><\/div>\n<div style=\"clear: both; width: 0px;\"><\/div>\n<\/div>\n<\/div>\n<div class=\" visible-xs-block d-block\" style=\"clear: both; width: 0px;\"><\/div>\n<div class=\"post_column col-xxl-6 col-xl-6 col-lg-6 col-md-6 col-sm-6 col-xs-12 col-12\">\n<div class=\"ttr_about-us_html_column41\">\n<div class=\"margin_collapsetop\"><\/div>\n<div class=\"html_content\">\n<h3 style=\"margin: 12px 0px 12px 0px; text-align: Center; display: block; line-height: 1.11em; color: rgba(247,150,81,1);\"><span style=\"font-family: 'Comic Sans MS'; font-size: 0.75em;\">Urakoimme ilmal\u00e4mp\u00f6pumput<\/span><\/h3>\n<p style=\"margin: 5px 0px 5px 0px; line-height: 1.49em; color: rgba(51,51,51,1);\"><span style=\"font-family: 'Comic Sans MS';\">L\u00e4mp\u00f6pumppujen asennus laadukkasti ja turvallisesti. TaloIT on Tukesin hyv\u00e4ksym\u00e4 e3 kylm\u00e4laite urako<\/span><span style=\"font-family: 'Comic Sans MS';\">i<\/span><span style=\"font-family: 'Comic Sans MS';\">ntiyritys ja s\u00e4hk\u00f6urakointi S2+A yritys, joten s\u00e4hk\u00f6asennukset ja keskusmuutokset hoituvat meid\u00e4lt\u00e4 samalla k\u00e4ynnill\u00e4. <\/span><\/p>\n<p style=\"margin: 5px 0px 5px 0px; line-height: 1.49em; color: rgba(51,51,51,1);\">\n<p style=\"margin: 5px 0px 5px 0px; line-height: 1.49em; color: rgba(51,51,51,1);\"><span style=\"font-family: 'Comic Sans MS';\">Ilmal\u00e4mp\u00f6pumpun asennus ei ole pelk\u00e4st\u00e4\u00e4n asennusta ja k\u00e4ytt\u00f6\u00f6nottoa. Dokumentointi on t\u00e4rke\u00e4 osa turvallista asennusta ja asennuksesta saat <\/span><span style=\"font-family: 'Comic Sans MS';\">mittaus<\/span><span style=\"font-family: 'Comic Sans MS';\">p\u00f6yt\u00e4kirjan kylm\u00e4laite- ja s\u00e4hk\u00f6asennuksesta. Toimimme koko Pohjois-Pohjanmaan alueella ja tarvittaessa laajemmallekin. <\/span><\/p>\n<\/div>\n<div class=\"margin_collapsetop\"><\/div>\n<div style=\"clear: both; width: 0px;\"><\/div>\n<\/div>\n<\/div>\n<div class=\" visible-lg-block d-lg-block visible-sm-block d-sm-block visible-md-block d-md-block visible-xs-block d-block\" style=\"clear: both; width: 0px;\"><\/div>\n<div class=\"post_column col-xxl-4 col-xl-4 col-lg-6 col-md-6 col-sm-6 col-xs-12 col-12\">\n<div class=\"ttr_about-us_html_column42\">\n<div class=\"margin_collapsetop\"><\/div>\n<div class=\"html_content\">\n<p><img loading=\"lazy\" decoding=\"async\" class=\"alignnone size-medium wp-image-418\" src=\"https:\/\/taloit.fi\/main\/wp-content\/uploads\/2024\/03\/asennuskuva-300x202.png\" alt=\"\" width=\"300\" height=\"202\" srcset=\"https:\/\/taloit.fi\/main\/wp-content\/uploads\/2024\/03\/asennuskuva-300x202.png 300w, https:\/\/taloit.fi\/main\/wp-content\/uploads\/2024\/03\/asennuskuva-768x516.png 768w, https:\/\/taloit.fi\/main\/wp-content\/uploads\/2024\/03\/asennuskuva.png 792w\" sizes=\"auto, (max-width: 300px) 100vw, 300px\" \/><\/p>\n<\/div>\n<div class=\"margin_collapsetop\"><\/div>\n<div style=\"clear: both; width: 0px;\"><\/div>\n<\/div>\n<\/div>\n<div class=\" d-xxl-block d-xl-block visible-xs-block d-block\" style=\"clear: both; width: 0px;\"><\/div>\n<\/div>\n<div class=\"ttr_about-us_html_row5 row g-0\">\n<div class=\"post_column col-xxl-2 col-xl-2 col-lg-6 col-md-6 col-sm-6 col-xs-12 col-12\">\n<div class=\"ttr_about-us_html_column50\">\n<div class=\"margin_collapsetop\"><\/div>\n<div class=\"html_content\">\n<p><span class=\"ttr_image\" style=\"float: Right; overflow: hidden; margin: 0px 0px 0px 0px; padding: 0px 0px 0px 0px;\"><img decoding=\"async\" class=\"ttr_uniform\" style=\"max-height: 150px; max-width: 150px; margin: 30px 0px 0px 0px;\" src=\"https:\/\/taloit.fi\/main\/wp-content\/uploads\/2024\/03\/ChargeAmps_certifigate2.png\" alt=\"ChargeAmps\" \/><\/span><\/p>\n<\/div>\n<div class=\"margin_collapsetop\"><\/div>\n<div style=\"clear: both; width: 0px;\"><\/div>\n<\/div>\n<\/div>\n<div class=\" visible-xs-block d-block\" style=\"clear: both; width: 0px;\"><\/div>\n<div class=\"post_column col-xxl-4 col-xl-4 col-lg-6 col-md-6 col-sm-6 col-xs-12 col-12\">\n<div class=\"ttr_about-us_html_column51\">\n<div class=\"margin_collapsetop\"><\/div>\n<div class=\"html_content\">\n<h4 style=\"text-align: Center; display: block;\"><span style=\"font-family: 'Comic Sans MS';\">Charge Amps -sertifioitu Charge Amps -asentaja <\/span><\/h4>\n<p><span style=\"font-family: 'Comic Sans MS';\">Kun tilaat meilt\u00e4 tuotteen tied\u00e4t, ett\u00e4 asennuksen suorittaa p\u00e4tev\u00e4 asentaja ja voit k\u00e4ytt\u00e4\u00e4 laitetta turvallisesti ja huoletta. Jos jotakin kuitenkin ilmenee, teid\u00e4n apunanne on valmistajan hyv\u00e4ksym\u00e4<\/span> <span style=\"font-family: 'Comic Sans MS';\">asennusliike, jonka kautta takuuasiat hoituvat sujuvasti. <\/span><\/p>\n<\/div>\n<div class=\"margin_collapsetop\"><\/div>\n<div style=\"clear: both; width: 0px;\"><\/div>\n<\/div>\n<\/div>\n<div class=\" visible-lg-block d-lg-block visible-sm-block d-sm-block visible-md-block d-md-block visible-xs-block d-block\" style=\"clear: both; width: 0px;\"><\/div>\n<div class=\"post_column col-xxl-2 col-xl-2 col-lg-6 col-md-6 col-sm-6 col-xs-12 col-12\">\n<div class=\"ttr_about-us_html_column52\">\n<div class=\"margin_collapsetop\"><\/div>\n<div class=\"html_content\">\n<p><span class=\"ttr_image\" style=\"float: Left; overflow: hidden; margin: 0px 0px 0px 0px; padding: 0px 0px 0px 0px;\"><img decoding=\"async\" class=\"ttr_uniform\" style=\"max-height: 104px; max-width: 172px; margin: 50px 0px 0px 0px;\" src=\"https:\/\/taloit.fi\/main\/wp-content\/uploads\/2024\/03\/Tesla_certifigate1.png\" alt=\"Tesla\" \/><\/span><\/p>\n<\/div>\n<div class=\"margin_collapsetop\"><\/div>\n<div style=\"clear: both; width: 0px;\"><\/div>\n<\/div>\n<\/div>\n<div class=\" visible-xs-block d-block\" style=\"clear: both; width: 0px;\"><\/div>\n<div class=\"post_column col-xxl-4 col-xl-4 col-lg-6 col-md-6 col-sm-6 col-xs-12 col-12\">\n<div class=\"ttr_about-us_html_column53\">\n<div class=\"margin_collapsetop\"><\/div>\n<div class=\"html_content\">\n<h4 style=\"text-align: Center; display: block;\"><span style=\"font-family: 'Comic Sans MS';\">Serti<\/span><span style=\"font-family: 'Comic Sans MS';\">fi<\/span><span style=\"font-family: 'Comic Sans MS';\">oitu Tesla asentaja<\/span><\/h4>\n<p style=\"margin: 5px 0px 5px 0px; line-height: 1.49em; color: rgba(51,51,51,1);\"><span style=\"font-family: 'Comic Sans MS'; color: rgba(46,21,50,1);\">Teslan sertifioitu asentaja asentaa <\/span><span style=\"font-family: 'Comic Sans MS'; color: rgba(46,21,50,1);\">Wall Connectorin, <\/span><span style=\"font-family: 'Comic Sans MS'; color: rgba(46,21,50,1);\">Powerwallin, aurinkokaton ja sein\u00e4liittimen. <\/span><span style=\"font-family: 'Comic Sans MS'; color: rgba(46,21,50,1);\">Asennus tehd\u00e4\u00e4n valmistajan ohjeiden ja vaatimusten mukaisesti, jolloin laitetta on turvallista k\u00e4ytt\u00e4\u00e4.<\/span><\/p>\n<\/div>\n<div class=\"margin_collapsetop\"><\/div>\n<div style=\"clear: both; width: 0px;\"><\/div>\n<\/div>\n<\/div>\n<div class=\" d-xxl-block d-xl-block visible-lg-block d-lg-block visible-sm-block d-sm-block visible-md-block d-md-block visible-xs-block d-block\" style=\"clear: both; width: 0px;\"><\/div>\n<\/div>\n","protected":false},"excerpt":{"rendered":"<p>S\u00e4hk\u00f6mies tarpeen? Pyyd\u00e4 tarjous! Kun remontoit, rakennat uutta tai tarvitset luotettavaa s\u00e4hk\u00f6liikett\u00e4 toteuttamaan s\u00e4hk\u00f6asennukset Pohjois-Pohjanmaalla, TaloIT on valmiina palvelemaan. Hoidamme s\u00e4hk\u00f6huoltoty\u00f6t ja -asennukset taloyhti\u00f6ihin, toimitiloihin ja kotitalouksiin Oulun alousalueilla. Hoidamme niin pienet kuin suuretkin tilausty\u00f6t nopeasti, laadukkaasti ja kustannustehokkaasti! Ota &hellip;<\/p>\n<p><a href=\"https:\/\/taloit.fi\/main\/?page_id=14\">Continue Reading<span class=\"meta-nav\">&rarr;<\/span><\/a><\/p>\n","protected":false},"author":1,"featured_media":0,"parent":0,"menu_order":2,"comment_status":"closed","ping_status":"closed","template":"page-templates\/about-us_page.php","meta":{"footnotes":""},"class_list":["post-14","page","type-page","status-publish","hentry"],"_links":{"self":[{"href":"https:\/\/taloit.fi\/main\/index.php?rest_route=\/wp\/v2\/pages\/14","targetHints":{"allow":["GET"]}}],"collection":[{"href":"https:\/\/taloit.fi\/main\/index.php?rest_route=\/wp\/v2\/pages"}],"about":[{"href":"https:\/\/taloit.fi\/main\/index.php?rest_route=\/wp\/v2\/types\/page"}],"author":[{"embeddable":true,"href":"https:\/\/taloit.fi\/main\/index.php?rest_route=\/wp\/v2\/users\/1"}],"replies":[{"embeddable":true,"href":"https:\/\/taloit.fi\/main\/index.php?rest_route=%2Fwp%2Fv2%2Fcomments&post=14"}],"version-history":[{"count":10,"href":"https:\/\/taloit.fi\/main\/index.php?rest_route=\/wp\/v2\/pages\/14\/revisions"}],"predecessor-version":[{"id":419,"href":"https:\/\/taloit.fi\/main\/index.php?rest_route=\/wp\/v2\/pages\/14\/revisions\/419"}],"wp:attachment":[{"href":"https:\/\/taloit.fi\/main\/index.php?rest_route=%2Fwp%2Fv2%2Fmedia&parent=14"}],"curies":[{"name":"wp","href":"https:\/\/api.w.org\/{rel}","templated":true}]}}